{"id":1094,"date":"2026-02-03T20:29:47","date_gmt":"2026-02-03T20:29:47","guid":{"rendered":"https:\/\/porthaller.pl\/?page_id=1094"},"modified":"2026-03-27T09:51:21","modified_gmt":"2026-03-27T09:51:21","slug":"dokumenty","status":"publish","type":"page","link":"https:\/\/porthaller.pl\/index.php\/dokumenty\/","title":{"rendered":"DOKUMENTY"},"content":{"rendered":"\t\t<div data-elementor-type=\"wp-page\" data-elementor-id=\"1094\" class=\"elementor elementor-1094\">\n\t\t\t\t<div class=\"elementor-element elementor-element-ac294f9 e-flex e-con-boxed e-con e-parent\" data-id=\"ac294f9\" data-element_type=\"container\" data-e-type=\"container\">\n\t\t\t\t\t<div class=\"e-con-inner\">\n\t\t\t\t<div class=\"elementor-element elementor-element-cb67f41 elementor-widget elementor-widget-text-editor\" data-id=\"cb67f41\" data-element_type=\"widget\" data-e-type=\"widget\" data-widget_type=\"text-editor.default\">\n\t\t\t\t\t\t\t\t\t<h2 class=\"zoom-in-element\"><span style=\"color: #cf9d53;\">Dokumenty<\/span><\/h2><p><script>\ndocument.addEventListener('DOMContentLoaded', function() {\n  const elements = document.querySelectorAll('.zoom-in-element');\n\n  const observer = new IntersectionObserver((entries) => {\n    entries.forEach(entry => {\n      if (entry.isIntersecting) {\n        entry.target.classList.add('visible');\n      }\n    });\n  }, { threshold: 0.1 });\n\n  elements.forEach(el => observer.observe(el));\n});\n<\/script><\/p>\t\t\t\t\t\t\t\t<\/div>\n\t\t\t\t<div class=\"elementor-element elementor-element-9d30e8d elementor-widget elementor-widget-spacer\" data-id=\"9d30e8d\" data-element_type=\"widget\" data-e-type=\"widget\" data-widget_type=\"spacer.default\">\n\t\t\t\t\t\t\t<div class=\"elementor-spacer\">\n\t\t\t<div class=\"elementor-spacer-inner\"><\/div>\n\t\t<\/div>\n\t\t\t\t\t\t<\/div>\n\t\t\t\t\t<\/div>\n\t\t\t\t<\/div>\n\t\t<div class=\"elementor-element elementor-element-6512858 e-flex e-con-boxed e-con e-parent\" data-id=\"6512858\" data-element_type=\"container\" data-e-type=\"container\">\n\t\t\t\t\t<div class=\"e-con-inner\">\n\t\t\t\t\t<\/div>\n\t\t\t\t<\/div>\n\t\t<div class=\"elementor-element elementor-element-4aee139 e-flex e-con-boxed e-con e-parent\" data-id=\"4aee139\" data-element_type=\"container\" data-e-type=\"container\">\n\t\t\t\t\t<div class=\"e-con-inner\">\n\t\t\t\t\t<\/div>\n\t\t\t\t<\/div>\n\t\t<div class=\"elementor-element elementor-element-19bd95a e-grid e-con-boxed e-con e-parent\" data-id=\"19bd95a\" data-element_type=\"container\" data-e-type=\"container\">\n\t\t\t\t\t<div class=\"e-con-inner\">\n\t\t<div class=\"elementor-element elementor-element-63caaf3 e-con-full e-flex e-con e-child\" data-id=\"63caaf3\" data-element_type=\"container\" data-e-type=\"container\" data-settings=\"{&quot;background_background&quot;:&quot;classic&quot;}\">\n\t\t\t\t<div class=\"elementor-element elementor-element-93f67cc elementor-widget elementor-widget-heading\" data-id=\"93f67cc\" data-element_type=\"widget\" data-e-type=\"widget\" data-widget_type=\"heading.default\">\n\t\t\t\t\t<h4 class=\"elementor-heading-title elementor-size-default\">Port Haller a \"Strategia Porty 2030\" \n<\/h4>\t\t\t\t<\/div>\n\t\t\t\t<div class=\"elementor-element elementor-element-9261d4c elementor-widget elementor-widget-text-editor\" data-id=\"9261d4c\" data-element_type=\"widget\" data-e-type=\"widget\" data-widget_type=\"text-editor.default\">\n\t\t\t\t\t\t\t\t\t<p>Autor: Zesp\u00f3\u0142 Port Haller<br \/>Data publikacji: 23.03.2026<\/p>\t\t\t\t\t\t\t\t<\/div>\n\t\t\t\t<div class=\"elementor-element elementor-element-5fa8a4c elementor-widget-divider--view-line elementor-widget elementor-widget-divider\" data-id=\"5fa8a4c\" data-element_type=\"widget\" data-e-type=\"widget\" data-widget_type=\"divider.default\">\n\t\t\t\t\t\t\t<div class=\"elementor-divider\">\n\t\t\t<span class=\"elementor-divider-separator\">\n\t\t\t\t\t\t<\/span>\n\t\t<\/div>\n\t\t\t\t\t\t<\/div>\n\t\t\t\t<div class=\"elementor-element elementor-element-c547b41 elementor-widget elementor-widget-text-editor\" data-id=\"c547b41\" data-element_type=\"widget\" data-e-type=\"widget\" data-widget_type=\"text-editor.default\">\n\t\t\t\t\t\t\t\t\t<p>Analiza merytoryczna inicjatywy Port Haller w \u015bwietle Strategii Port\u00f3w UE 2026. Nasz zesp\u00f3\u0142 punkt po punkcie przeanalizowa\u0142 unijn\u0105 strategi\u0119 w sprawie port\u00f3w morskich. Niniejszy autorski raport zawiera szereg twierdze\u0144 i priorytet\u00f3w potwierdzaj\u0105cych zasadno\u015b\u0107 budowy Portu Haller w Choczewie.<\/p>\t\t\t\t\t\t\t\t<\/div>\n\t\t\t\t<div class=\"elementor-element elementor-element-0cae3db elementor-align-center elementor-widget elementor-widget-button\" data-id=\"0cae3db\" data-element_type=\"widget\" data-e-type=\"widget\" data-widget_type=\"button.default\">\n\t\t\t\t\t\t\t\t\t\t<a class=\"elementor-button elementor-button-link elementor-size-sm\" href=\"https:\/\/porthaller.pl\/wp-content\/uploads\/2026\/03\/PortHaller.pl-StrategiaUE.pdf\" target=\"_blank\">\n\t\t\t\t\t\t<span class=\"elementor-button-content-wrapper\">\n\t\t\t\t\t\t\t\t\t<span class=\"elementor-button-text\">POBIERZ<\/span>\n\t\t\t\t\t<\/span>\n\t\t\t\t\t<\/a>\n\t\t\t\t\t\t\t\t<\/div>\n\t\t\t\t<\/div>\n\t\t<div class=\"elementor-element elementor-element-4a87c16 e-con-full e-flex e-con e-child\" data-id=\"4a87c16\" data-element_type=\"container\" data-e-type=\"container\" data-settings=\"{&quot;background_background&quot;:&quot;classic&quot;}\">\n\t\t\t\t<div class=\"elementor-element elementor-element-483b1a8 elementor-widget elementor-widget-heading\" data-id=\"483b1a8\" data-element_type=\"widget\" data-e-type=\"widget\" data-widget_type=\"heading.default\">\n\t\t\t\t\t<h4 class=\"elementor-heading-title elementor-size-default\">Unijny Raport: \"Strategia Porty 2030\"<\/h4>\t\t\t\t<\/div>\n\t\t\t\t<div class=\"elementor-element elementor-element-83fee50 elementor-widget elementor-widget-text-editor\" data-id=\"83fee50\" data-element_type=\"widget\" data-e-type=\"widget\" data-widget_type=\"text-editor.default\">\n\t\t\t\t\t\t\t\t\t<p>Autor: Komisja Europejska<br \/>Data publikacji: 04.03.2026<\/p>\t\t\t\t\t\t\t\t<\/div>\n\t\t\t\t<div class=\"elementor-element elementor-element-34daaff elementor-widget-divider--view-line elementor-widget elementor-widget-divider\" data-id=\"34daaff\" data-element_type=\"widget\" data-e-type=\"widget\" data-widget_type=\"divider.default\">\n\t\t\t\t\t\t\t<div class=\"elementor-divider\">\n\t\t\t<span class=\"elementor-divider-separator\">\n\t\t\t\t\t\t<\/span>\n\t\t<\/div>\n\t\t\t\t\t\t<\/div>\n\t\t\t\t<div class=\"elementor-element elementor-element-82b7966 elementor-widget elementor-widget-text-editor\" data-id=\"82b7966\" data-element_type=\"widget\" data-e-type=\"widget\" data-widget_type=\"text-editor.default\">\n\t\t\t\t\t\t\t\t\t<p><a href=\"https:\/\/transport.ec.europa.eu\/news-events\/news\/commission-unveils-eu-ports-strategy-strengthen-competitiveness-security-and-sustainability-european-2026-03-04_en\"><em>EU Ports Strategy<\/em> <\/a>wspiera specjalizacj\u0119 port\u00f3w w konkretnych segmentach \u0142adunk\u00f3w oraz ich podw\u00f3jne zastosowanie &#8211; cywilne i wojskowe.<\/p>\t\t\t\t\t\t\t\t<\/div>\n\t\t\t\t<div class=\"elementor-element elementor-element-ae50823 elementor-align-center elementor-widget elementor-widget-button\" data-id=\"ae50823\" data-element_type=\"widget\" data-e-type=\"widget\" data-widget_type=\"button.default\">\n\t\t\t\t\t\t\t\t\t\t<a class=\"elementor-button elementor-button-link elementor-size-sm\" href=\"https:\/\/porthaller.pl\/wp-content\/uploads\/2026\/03\/communication_on_EU_ports_strategy.pdf\" target=\"_blank\">\n\t\t\t\t\t\t<span class=\"elementor-button-content-wrapper\">\n\t\t\t\t\t\t\t\t\t<span class=\"elementor-button-text\">POBIERZ<\/span>\n\t\t\t\t\t<\/span>\n\t\t\t\t\t<\/a>\n\t\t\t\t\t\t\t\t<\/div>\n\t\t\t\t<\/div>\n\t\t<div class=\"elementor-element elementor-element-19a0f9a e-con-full e-flex e-con e-child\" data-id=\"19a0f9a\" data-element_type=\"container\" data-e-type=\"container\" data-settings=\"{&quot;background_background&quot;:&quot;classic&quot;}\">\n\t\t\t\t<div class=\"elementor-element elementor-element-c3f0205 elementor-widget elementor-widget-heading\" data-id=\"c3f0205\" data-element_type=\"widget\" data-e-type=\"widget\" data-widget_type=\"heading.default\">\n\t\t\t\t\t<h4 class=\"elementor-heading-title elementor-size-default\">Port Haller - prezentacja<\/h4>\t\t\t\t<\/div>\n\t\t\t\t<div class=\"elementor-element elementor-element-6fa4396 elementor-widget elementor-widget-text-editor\" data-id=\"6fa4396\" data-element_type=\"widget\" data-e-type=\"widget\" data-widget_type=\"text-editor.default\">\n\t\t\t\t\t\t\t\t\t<p>Autor: Zesp\u00f3\u0142 Port Haller<br \/>Data publikacji: 05.02.2026<\/p>\t\t\t\t\t\t\t\t<\/div>\n\t\t\t\t<div class=\"elementor-element elementor-element-7b44e84 elementor-widget-divider--view-line elementor-widget elementor-widget-divider\" data-id=\"7b44e84\" data-element_type=\"widget\" data-e-type=\"widget\" data-widget_type=\"divider.default\">\n\t\t\t\t\t\t\t<div class=\"elementor-divider\">\n\t\t\t<span class=\"elementor-divider-separator\">\n\t\t\t\t\t\t<\/span>\n\t\t<\/div>\n\t\t\t\t\t\t<\/div>\n\t\t\t\t<div class=\"elementor-element elementor-element-825752e elementor-widget elementor-widget-text-editor\" data-id=\"825752e\" data-element_type=\"widget\" data-e-type=\"widget\" data-widget_type=\"text-editor.default\">\n\t\t\t\t\t\t\t\t\t<p>Prezentacja szczeg\u00f3\u0142owych za\u0142o\u017ce\u0144 projektu &#8211; koncepcja wykorzystania infrastruktury towarzysz\u0105cej EJ &#8222;Lubiatowo-Kopalino&#8221; w gminie Choczewo.<\/p>\t\t\t\t\t\t\t\t<\/div>\n\t\t\t\t<div class=\"elementor-element elementor-element-adf4dfb elementor-align-center elementor-widget elementor-widget-button\" data-id=\"adf4dfb\" data-element_type=\"widget\" data-e-type=\"widget\" data-widget_type=\"button.default\">\n\t\t\t\t\t\t\t\t\t\t<a class=\"elementor-button elementor-button-link elementor-size-sm\" href=\"https:\/\/porthaller.pl\/wp-content\/uploads\/2025\/12\/Port_Haller_-_strona_internetowa.pdf\" target=\"_blank\">\n\t\t\t\t\t\t<span class=\"elementor-button-content-wrapper\">\n\t\t\t\t\t\t\t\t\t<span class=\"elementor-button-text\">POBIERZ<\/span>\n\t\t\t\t\t<\/span>\n\t\t\t\t\t<\/a>\n\t\t\t\t\t\t\t\t<\/div>\n\t\t\t\t<\/div>\n\t\t<div class=\"elementor-element elementor-element-e4c9857 e-con-full e-flex e-con e-child\" data-id=\"e4c9857\" data-element_type=\"container\" data-e-type=\"container\">\n\t\t\t\t<\/div>\n\t\t\t\t<div class=\"elementor-element elementor-element-9d9a7be elementor-widget-divider--view-line elementor-widget elementor-widget-divider\" data-id=\"9d9a7be\" data-element_type=\"widget\" data-e-type=\"widget\" data-widget_type=\"divider.default\">\n\t\t\t\t\t\t\t<div class=\"elementor-divider\">\n\t\t\t<span class=\"elementor-divider-separator\">\n\t\t\t\t\t\t<\/span>\n\t\t<\/div>\n\t\t\t\t\t\t<\/div>\n\t\t\t\t<div class=\"elementor-element elementor-element-4cb45e2 elementor-widget-divider--view-line elementor-widget elementor-widget-divider\" data-id=\"4cb45e2\" data-element_type=\"widget\" data-e-type=\"widget\" data-widget_type=\"divider.default\">\n\t\t\t\t\t\t\t<div class=\"elementor-divider\">\n\t\t\t<span class=\"elementor-divider-separator\">\n\t\t\t\t\t\t<\/span>\n\t\t<\/div>\n\t\t\t\t\t\t<\/div>\n\t\t\t\t\t<\/div>\n\t\t\t\t<\/div>\n\t\t\t\t<\/div>\n\t\t","protected":false},"excerpt":{"rendered":"<p>Dokumenty Port Haller a &#8222;Strategia Porty 2030&#8221; Autor: Zesp\u00f3\u0142 Port HallerData publikacji: 23.03.2026 Analiza merytoryczna inicjatywy Port Haller w \u015bwietle Strategii Port\u00f3w UE 2026. Nasz zesp\u00f3\u0142 punkt po punkcie przeanalizowa\u0142 unijn\u0105 strategi\u0119 w sprawie port\u00f3w morskich. Niniejszy autorski raport zawiera szereg twierdze\u0144 i priorytet\u00f3w potwierdzaj\u0105cych zasadno\u015b\u0107 budowy Portu Haller w Choczewie. POBIERZ Unijny Raport: &#8222;Strategia [&hellip;]<\/p>\n","protected":false},"author":1,"featured_media":0,"parent":0,"menu_order":0,"comment_status":"closed","ping_status":"closed","template":"","meta":{"om_disable_all_campaigns":false,"_monsterinsights_skip_tracking":false,"_monsterinsights_sitenote_active":false,"_monsterinsights_sitenote_note":"","_monsterinsights_sitenote_category":0,"_themeisle_gutenberg_block_has_review":false,"footnotes":""},"class_list":["post-1094","page","type-page","status-publish","hentry"],"aioseo_notices":[],"_links":{"self":[{"href":"https:\/\/porthaller.pl\/index.php\/wp-json\/wp\/v2\/pages\/1094","targetHints":{"allow":["GET"]}}],"collection":[{"href":"https:\/\/porthaller.pl\/index.php\/wp-json\/wp\/v2\/pages"}],"about":[{"href":"https:\/\/porthaller.pl\/index.php\/wp-json\/wp\/v2\/types\/page"}],"author":[{"embeddable":true,"href":"https:\/\/porthaller.pl\/index.php\/wp-json\/wp\/v2\/users\/1"}],"replies":[{"embeddable":true,"href":"https:\/\/porthaller.pl\/index.php\/wp-json\/wp\/v2\/comments?post=1094"}],"version-history":[{"count":107,"href":"https:\/\/porthaller.pl\/index.php\/wp-json\/wp\/v2\/pages\/1094\/revisions"}],"predecessor-version":[{"id":1407,"href":"https:\/\/porthaller.pl\/index.php\/wp-json\/wp\/v2\/pages\/1094\/revisions\/1407"}],"wp:attachment":[{"href":"https:\/\/porthaller.pl\/index.php\/wp-json\/wp\/v2\/media?parent=1094"}],"curies":[{"name":"wp","href":"https:\/\/api.w.org\/{rel}","templated":true}]}}